{"id":19691,"date":"2025-04-26T23:03:38","date_gmt":"2025-04-26T21:03:38","guid":{"rendered":"https:\/\/info6671aa4ba7c.wpcomstaging.com\/?page_id=19691"},"modified":"2025-05-08T18:25:25","modified_gmt":"2025-05-08T16:25:25","slug":"rootcalc","status":"publish","type":"page","link":"https:\/\/arbosafe.com\/de_de\/rootcalc\/","title":{"rendered":"\u00a0RootCalc\u00a0"},"content":{"rendered":"\t\t<div data-elementor-type=\"wp-page\" data-elementor-id=\"19691\" class=\"elementor elementor-19691\">\n\t\t\t\t<div class=\"elementor-element elementor-element-e74d85c e-flex e-con-boxed e-con e-parent\" data-id=\"e74d85c\" data-element_type=\"container\" data-e-type=\"container\" data-settings=\"{&quot;background_background&quot;:&quot;classic&quot;}\">\n\t\t\t\t\t<div class=\"e-con-inner\">\n\t\t\t\t<div class=\"elementor-element elementor-element-7895e1c elementor-widget elementor-widget-image\" data-id=\"7895e1c\" data-element_type=\"widget\" data-e-type=\"widget\" data-widget_type=\"image.default\">\n\t\t\t\t\t\t\t\t\t\t\t\t\t\t\t<img fetchpriority=\"high\" decoding=\"async\" width=\"1024\" height=\"259\" src=\"https:\/\/arbosafe.com\/wp-content\/uploads\/2025\/05\/rootcalc_logo_de_exportierterxt_rgb_white.ai_.ai_-e1746187874575-1024x259.png\" class=\"attachment-large size-large wp-image-20266\" alt=\"\" srcset=\"https:\/\/arbosafe.com\/wp-content\/uploads\/2025\/05\/rootcalc_logo_de_exportierterxt_rgb_white.ai_.ai_-e1746187874575-1024x259.png 1024w, https:\/\/arbosafe.com\/wp-content\/uploads\/2025\/05\/rootcalc_logo_de_exportierterxt_rgb_white.ai_.ai_-e1746187874575-300x76.png 300w, https:\/\/arbosafe.com\/wp-content\/uploads\/2025\/05\/rootcalc_logo_de_exportierterxt_rgb_white.ai_.ai_-e1746187874575-768x194.png 768w, https:\/\/arbosafe.com\/wp-content\/uploads\/2025\/05\/rootcalc_logo_de_exportierterxt_rgb_white.ai_.ai_-e1746187874575-1536x389.png 1536w, https:\/\/arbosafe.com\/wp-content\/uploads\/2025\/05\/rootcalc_logo_de_exportierterxt_rgb_white.ai_.ai_-e1746187874575-18x5.png 18w, https:\/\/arbosafe.com\/wp-content\/uploads\/2025\/05\/rootcalc_logo_de_exportierterxt_rgb_white.ai_.ai_-e1746187874575.png 1770w\" sizes=\"(max-width: 1024px) 100vw, 1024px\" \/>\t\t\t\t\t\t\t\t\t\t\t\t\t\t\t<\/div>\n\t\t\t\t\t<\/div>\n\t\t\t\t<\/div>\n\t\t<div class=\"elementor-element elementor-element-74073e8 e-flex e-con-boxed e-con e-parent\" data-id=\"74073e8\" data-element_type=\"container\" data-e-type=\"container\" data-settings=\"{&quot;background_background&quot;:&quot;classic&quot;}\">\n\t\t\t\t\t<div class=\"e-con-inner\">\n\t\t\t\t<div class=\"elementor-element elementor-element-0954f29 elementor-widget elementor-widget-text-editor\" data-id=\"0954f29\" data-element_type=\"widget\" data-e-type=\"widget\" data-widget_type=\"text-editor.default\">\n\t\t\t\t\t\t\t\t\t<p>Bei Eingriffen in den Wurzelbereich kann mit Hilfe von\u00a0<em><strong class=\"blau\">Root<\/strong><strong>Calc<\/strong><\/em>\u00a0die Gr\u00f6\u00dfe der Fl\u00e4che des beeintr\u00e4chtigten Wurzelbereichs berechnet werden. Nat\u00fcrliche Hindernisse im Boden (z.B. Fundamente) k\u00f6nnen das Wurzelwachstum begrenzen. Mit\u00a0<em><strong><span class=\"blau\">Root<\/span>Calc<\/strong>\u00a0<\/em>werden diese Wachstumsbegrenzungen erfasst und in die Fl\u00e4chenberechnung einbezogen. Anschlie\u00dfend wird eine gerade oder auch polygonale Abgrabungskante eingezeichnet und die Wurzelverlustfl\u00e4che per Mausklick berechnet.<\/p><p>Die genaue Kenntnis der Gr\u00f6\u00dfe der Wurzelverlustfl\u00e4che hilft bei der Absch\u00e4tzung eines zu erwartenden Schadens, oder der Eind\u00e4mmung eines Schadens kurz nach seinem Eintreten oder bei der Einsch\u00e4tzung des \u00f6konomischen Wertverlustes eines Baumes.<\/p><p><em><strong><span class=\"blau\">Root<\/span>Calc<\/strong><\/em>\u00a0ist f\u00fcr Baumsachverst\u00e4ndige, Beh\u00f6rdenmitarbeiter, Gartenbauer und Baumpfleger konzipiert.<\/p>\t\t\t\t\t\t\t\t<\/div>\n\t\t\t\t\t<\/div>\n\t\t\t\t<\/div>\n\t\t<div class=\"elementor-element elementor-element-ff170ba e-flex e-con-boxed e-con e-parent\" data-id=\"ff170ba\" data-element_type=\"container\" data-e-type=\"container\">\n\t\t\t\t\t<div class=\"e-con-inner\">\n\t\t\t\t<div class=\"elementor-element elementor-element-ad246c9 elementor-widget elementor-widget-heading\" data-id=\"ad246c9\" data-element_type=\"widget\" data-e-type=\"widget\" data-widget_type=\"heading.default\">\n\t\t\t\t\t<h2 class=\"elementor-heading-title elementor-size-default\">Individueller Wurzelbereich<\/h2>\t\t\t\t<\/div>\n\t\t\t\t<div class=\"elementor-element elementor-element-f6b54c6 elementor-widget elementor-widget-text-editor\" data-id=\"f6b54c6\" data-element_type=\"widget\" data-e-type=\"widget\" data-widget_type=\"text-editor.default\">\n\t\t\t\t\t\t\t\t\t<p>Der Wurzelbereich von B\u00e4umen erstreckt sich, je nach Baumart du Standortbedingungen, bis \u00fcber die Kronentraufe hinaus. Die\u00a0<em>DIN 18920<\/em>\u00a0geht von einem Wurzelbereich aus, der bei schmalkronigen B\u00e4umen 5 m nach allen Seiten \u00fcber die Kronentraufe hinaus reicht und bei allen anderen B\u00e4umen um 1,5 m. Diese Gr\u00f6\u00dfe kann in\u00a0<em><strong><span class=\"blau\">Root<\/span>Calc<\/strong><\/em>\u00a0individuell angepasst werden.<\/p>\t\t\t\t\t\t\t\t<\/div>\n\t\t\t\t<div class=\"elementor-element elementor-element-6a57095 elementor-widget-divider--view-line elementor-widget elementor-widget-divider\" data-id=\"6a57095\" data-element_type=\"widget\" data-e-type=\"widget\" data-widget_type=\"divider.default\">\n\t\t\t\t\t\t\t<div class=\"elementor-divider\">\n\t\t\t<span class=\"elementor-divider-separator\">\n\t\t\t\t\t\t<\/span>\n\t\t<\/div>\n\t\t\t\t\t\t<\/div>\n\t\t\t\t<div class=\"elementor-element elementor-element-fb93ece elementor-widget elementor-widget-heading\" data-id=\"fb93ece\" data-element_type=\"widget\" data-e-type=\"widget\" data-widget_type=\"heading.default\">\n\t\t\t\t\t<h2 class=\"elementor-heading-title elementor-size-default\">Einzeichnen von Wurzelbarrieren<\/h2>\t\t\t\t<\/div>\n\t\t\t\t<div class=\"elementor-element elementor-element-dffc654 elementor-widget elementor-widget-text-editor\" data-id=\"dffc654\" data-element_type=\"widget\" data-e-type=\"widget\" data-widget_type=\"text-editor.default\">\n\t\t\t\t\t\t\t\t\t<p>Mauerreste, Fundamente, Bauteile k\u00f6nnen als nat\u00fcrliche Wurzelbarrieren im Boden wirken.\u00a0<br \/>Sie k\u00f6nnen in einem Raster mit Punktfang Funktion pr\u00e4zise eingezeichnet werden. Jeglicher zus\u00e4tzliche Eingriff, z.B. Grabenaushub kann den Schaden \u00fcberproportional vergr\u00f6\u00dfern und zum verfr\u00fchten Absterben eines Baumes beitragen. Das Einzeichnen von asymmetrischen Grabungskanten in einem Raster erleichtert die Eingabe.<\/p>\t\t\t\t\t\t\t\t<\/div>\n\t\t\t\t<div class=\"elementor-element elementor-element-de42750 elementor-widget elementor-widget-image\" data-id=\"de42750\" data-element_type=\"widget\" data-e-type=\"widget\" data-widget_type=\"image.default\">\n\t\t\t\t\t\t\t\t\t\t\t\t\t\t\t<img decoding=\"async\" width=\"450\" height=\"483\" src=\"https:\/\/arbosafe.com\/wp-content\/uploads\/2025\/05\/Rootcalc-demo.jpg\" class=\"attachment-large size-large wp-image-20245\" alt=\"\" srcset=\"https:\/\/arbosafe.com\/wp-content\/uploads\/2025\/05\/Rootcalc-demo.jpg 450w, https:\/\/arbosafe.com\/wp-content\/uploads\/2025\/05\/Rootcalc-demo-280x300.jpg 280w, https:\/\/arbosafe.com\/wp-content\/uploads\/2025\/05\/Rootcalc-demo-11x12.jpg 11w\" sizes=\"(max-width: 450px) 100vw, 450px\" \/>\t\t\t\t\t\t\t\t\t\t\t\t\t\t\t<\/div>\n\t\t\t\t<div class=\"elementor-element elementor-element-8b20bcd elementor-widget-divider--view-line elementor-widget elementor-widget-divider\" data-id=\"8b20bcd\" data-element_type=\"widget\" data-e-type=\"widget\" data-widget_type=\"divider.default\">\n\t\t\t\t\t\t\t<div class=\"elementor-divider\">\n\t\t\t<span class=\"elementor-divider-separator\">\n\t\t\t\t\t\t<\/span>\n\t\t<\/div>\n\t\t\t\t\t\t<\/div>\n\t\t\t\t<div class=\"elementor-element elementor-element-4243a71 elementor-widget elementor-widget-heading\" data-id=\"4243a71\" data-element_type=\"widget\" data-e-type=\"widget\" data-widget_type=\"heading.default\">\n\t\t\t\t\t<h2 class=\"elementor-heading-title elementor-size-default\">Personalisierter Berichtsdruck<\/h2>\t\t\t\t<\/div>\n\t\t\t\t<div class=\"elementor-element elementor-element-d0955eb elementor-widget elementor-widget-text-editor\" data-id=\"d0955eb\" data-element_type=\"widget\" data-e-type=\"widget\" data-widget_type=\"text-editor.default\">\n\t\t\t\t\t\t\t\t\t<p>Das Ergebnis, die Wurzelverlustfl\u00e4che in \u201eqm\u201c oder \u201e%\u201c, wird als Ergebnisprotokoll in einem Berichtsviewer angezeigt und kann zusammen mit den personalisierten Daten ausgedruckt werden. Im Ergebnisprotokoll kann auch das eigene Logo verwendet und die Farbgebung jedes Layers ge\u00e4ndert werden.<\/p>\t\t\t\t\t\t\t\t<\/div>\n\t\t\t\t<div class=\"elementor-element elementor-element-631dee3 elementor-widget elementor-widget-image\" data-id=\"631dee3\" data-element_type=\"widget\" data-e-type=\"widget\" data-widget_type=\"image.default\">\n\t\t\t\t\t\t\t\t\t\t\t\t\t\t\t<img decoding=\"async\" width=\"500\" height=\"706\" src=\"https:\/\/arbosafe.com\/wp-content\/uploads\/2025\/05\/rootcalc-personalisierter-Berichtsdruk-demo.png\" class=\"attachment-large size-large wp-image-20244\" alt=\"\" srcset=\"https:\/\/arbosafe.com\/wp-content\/uploads\/2025\/05\/rootcalc-personalisierter-Berichtsdruk-demo.png 500w, https:\/\/arbosafe.com\/wp-content\/uploads\/2025\/05\/rootcalc-personalisierter-Berichtsdruk-demo-212x300.png 212w, https:\/\/arbosafe.com\/wp-content\/uploads\/2025\/05\/rootcalc-personalisierter-Berichtsdruk-demo-8x12.png 8w\" sizes=\"(max-width: 500px) 100vw, 500px\" \/>\t\t\t\t\t\t\t\t\t\t\t\t\t\t\t<\/div>\n\t\t\t\t<div class=\"elementor-element elementor-element-6bdfea8 elementor-widget elementor-widget-button\" data-id=\"6bdfea8\" data-element_type=\"widget\" data-e-type=\"widget\" data-widget_type=\"button.default\">\n\t\t\t\t\t\t\t\t\t\t<a class=\"elementor-button elementor-button-link elementor-size-sm\" href=\"https:\/\/wp.arbosafe.com\/zum-download\/\">\n\t\t\t\t\t\t<span class=\"elementor-button-content-wrapper\">\n\t\t\t\t\t\t\t\t\t<span class=\"elementor-button-text\">Zum Softwaredownload<\/span>\n\t\t\t\t\t<\/span>\n\t\t\t\t\t<\/a>\n\t\t\t\t\t\t\t\t<\/div>\n\t\t\t\t\t<\/div>\n\t\t\t\t<\/div>\n\t\t\t\t<\/div>\n\t\t","protected":false},"excerpt":{"rendered":"<p>Bei Eingriffen in den Wurzelbereich kann mit Hilfe von\u00a0RootCalc\u00a0die Gr\u00f6\u00dfe der Fl\u00e4che des beeintr\u00e4chtigten Wurzelbereichs berechnet werden. Nat\u00fcrliche Hindernisse im [&hellip;]<\/p>\n","protected":false},"author":259402009,"featured_media":0,"parent":0,"menu_order":0,"comment_status":"closed","ping_status":"closed","template":"","meta":{"site-sidebar-layout":"no-sidebar","site-content-layout":"","ast-site-content-layout":"full-width-container","site-content-style":"default","site-sidebar-style":"default","ast-global-header-display":"","ast-banner-title-visibility":"","ast-main-header-display":"","ast-hfb-above-header-display":"","ast-hfb-below-header-display":"","ast-hfb-mobile-header-display":"","site-post-title":"disabled","ast-breadcrumbs-content":"","ast-featured-img":"disabled","footer-sml-layout":"","theme-transparent-header-meta":"","adv-header-id-meta":"","stick-header-meta":"","header-above-stick-meta":"","header-main-stick-meta":"","header-below-stick-meta":"","astra-migrate-meta-layouts":"default","ast-page-background-enabled":"default","ast-page-background-meta":{"desktop":{"background-color":"var(--ast-global-color-5)","background-image":"","background-repeat":"repeat","background-position":"center center","background-size":"auto","background-attachment":"scroll","background-type":"","background-media":"","overlay-type":"","overlay-color":"","overlay-opacity":"","overlay-gradient":""},"tablet":{"background-color":"","background-image":"","background-repeat":"repeat","background-position":"center center","background-size":"auto","background-attachment":"scroll","background-type":"","background-media":"","overlay-type":"","overlay-color":"","overlay-opacity":"","overlay-gradient":""},"mobile":{"background-color":"","background-image":"","background-repeat":"repeat","background-position":"center center","background-size":"auto","background-attachment":"scroll","background-type":"","background-media":"","overlay-type":"","overlay-color":"","overlay-opacity":"","overlay-gradient":""}},"ast-content-background-meta":{"desktop":{"background-color":"var(--ast-global-color-4)","background-image":"","background-repeat":"repeat","background-position":"center center","background-size":"auto","background-attachment":"scroll","background-type":"","background-media":"","overlay-type":"","overlay-color":"","overlay-opacity":"","overlay-gradient":""},"tablet":{"background-color":"var(--ast-global-color-4)","background-image":"","background-repeat":"repeat","background-position":"center center","background-size":"auto","background-attachment":"scroll","background-type":"","background-media":"","overlay-type":"","overlay-color":"","overlay-opacity":"","overlay-gradient":""},"mobile":{"background-color":"var(--ast-global-color-4)","background-image":"","background-repeat":"repeat","background-position":"center center","background-size":"auto","background-attachment":"scroll","background-type":"","background-media":"","overlay-type":"","overlay-color":"","overlay-opacity":"","overlay-gradient":""}},"footnotes":""},"class_list":["post-19691","page","type-page","status-publish","hentry"],"_links":{"self":[{"href":"https:\/\/arbosafe.com\/de_de\/wp-json\/wp\/v2\/pages\/19691","targetHints":{"allow":["GET"]}}],"collection":[{"href":"https:\/\/arbosafe.com\/de_de\/wp-json\/wp\/v2\/pages"}],"about":[{"href":"https:\/\/arbosafe.com\/de_de\/wp-json\/wp\/v2\/types\/page"}],"author":[{"embeddable":true,"href":"https:\/\/arbosafe.com\/de_de\/wp-json\/wp\/v2\/users\/259402009"}],"replies":[{"embeddable":true,"href":"https:\/\/arbosafe.com\/de_de\/wp-json\/wp\/v2\/comments?post=19691"}],"version-history":[{"count":57,"href":"https:\/\/arbosafe.com\/de_de\/wp-json\/wp\/v2\/pages\/19691\/revisions"}],"predecessor-version":[{"id":20808,"href":"https:\/\/arbosafe.com\/de_de\/wp-json\/wp\/v2\/pages\/19691\/revisions\/20808"}],"wp:attachment":[{"href":"https:\/\/arbosafe.com\/de_de\/wp-json\/wp\/v2\/media?parent=19691"}],"curies":[{"name":"wp","href":"https:\/\/api.w.org\/{rel}","templated":true}]}}