{"id":19834,"date":"2025-04-30T17:52:05","date_gmt":"2025-04-30T15:52:05","guid":{"rendered":"https:\/\/info6671aa4ba7c.wpcomstaging.com\/?page_id=19834"},"modified":"2025-05-14T15:23:29","modified_gmt":"2025-05-14T13:23:29","slug":"impressum","status":"publish","type":"page","link":"https:\/\/arbosafe.com\/de_de\/impressum\/","title":{"rendered":"Impressum"},"content":{"rendered":"\t\t<div data-elementor-type=\"wp-page\" data-elementor-id=\"19834\" class=\"elementor elementor-19834\">\n\t\t\t\t<div class=\"elementor-element elementor-element-045821e e-flex e-con-boxed e-con e-parent\" data-id=\"045821e\" data-element_type=\"container\" data-e-type=\"container\">\n\t\t\t\t\t<div class=\"e-con-inner\">\n\t\t\t\t<div class=\"elementor-element elementor-element-e75bcae elementor-widget elementor-widget-heading\" data-id=\"e75bcae\" data-element_type=\"widget\" data-e-type=\"widget\" data-widget_type=\"heading.default\">\n\t\t\t\t\t<h2 class=\"elementor-heading-title elementor-size-default\">Impressum\n<\/h2>\t\t\t\t<\/div>\n\t\t\t\t<div class=\"elementor-element elementor-element-8441951 elementor-widget elementor-widget-heading\" data-id=\"8441951\" data-element_type=\"widget\" data-e-type=\"widget\" data-widget_type=\"heading.default\">\n\t\t\t\t\t<h2 class=\"elementor-heading-title elementor-size-default\">Verantwortlich f\u00fcr Inhalte von www.arbosafe.com lt. \u00a75 TMG zeigt sich:<\/h2>\t\t\t\t<\/div>\n\t\t\t\t<div class=\"elementor-element elementor-element-36ced4b elementor-widget elementor-widget-text-editor\" data-id=\"36ced4b\" data-element_type=\"widget\" data-e-type=\"widget\" data-widget_type=\"text-editor.default\">\n\t\t\t\t\t\t\t\t\t<p><span style=\"color: #00bf8b;\"><em><strong><span class=\"gruen\">Arbo<\/span><\/strong><\/em><\/span>Safe GmbH \u00a0 \u00a0 \u00a0 \u00a0 \u00a0 \u00a0 \u00a0 \u00a0 \u00a0 \u00a0 \u00a0<\/p>\t\t\t\t\t\t\t\t<\/div>\n\t\t\t\t<div class=\"elementor-element elementor-element-7392c29 elementor-widget elementor-widget-text-editor\" data-id=\"7392c29\" data-element_type=\"widget\" data-e-type=\"widget\" data-widget_type=\"text-editor.default\">\n\t\t\t\t\t\t\t\t\t<p>Gesch\u00e4ftsf\u00fchrer: Andreas Detter, Erk Brudi, Frank Bischoff<\/p><p>Berengariastr. 9<br \/>82131 Gauting<br \/>Deutschland\/Germany<br \/>Tel.: 49- (0)89-752150<br \/>Fax: 49- (0)89-7591217<\/p><p>Schreiben Sie uns eine\u00a0<a class=\"content-link\" href=\"mailto:info@arbosafe.com\">E-Mail<\/a><\/p><p>Gesellschaft mit beschr\u00e4nkter Haftung<br \/>Registergericht: AG M\u00fcnchen<br \/>Registernummer: HRB 176856<br \/>Umsatzsteuer-Identifikationsnummer gem\u00e4\u00df \u00a7 27 Umsatzsteuergesetz:<br \/>DE 263 733 531<\/p>\t\t\t\t\t\t\t\t<\/div>\n\t\t\t\t<div class=\"elementor-element elementor-element-495a97f elementor-widget elementor-widget-heading\" data-id=\"495a97f\" data-element_type=\"widget\" data-e-type=\"widget\" data-widget_type=\"heading.default\">\n\t\t\t\t\t<h2 class=\"elementor-heading-title elementor-size-default\">Allgemeiner Hinweis<\/h2>\t\t\t\t<\/div>\n\t\t\t\t<div class=\"elementor-element elementor-element-430a287 elementor-widget elementor-widget-text-editor\" data-id=\"430a287\" data-element_type=\"widget\" data-e-type=\"widget\" data-widget_type=\"text-editor.default\">\n\t\t\t\t\t\t\t\t\t<p>Alle Informationen wurden mit gro\u00dfer Sorgfalt zusammengetragen.<br \/>Dennoch ist eine Haftung oder Gew\u00e4hr f\u00fcr die Richtigkeit der Inhalte ausgeschlossen.<\/p><p>Der Haftungsausschluss gilt insbesondere auch f\u00fcr alle anderen Websites, auf die durch Hyperlinks verwiesen wird.<\/p><p>Hiermit distanzieren sich die Betreiber ausdr\u00fccklich von allen Inhalten aller gelinkten Seiten auf dieser Homepage und machen diese Inhalte nicht zu eigenen (vgl. LG Hamburg, AZ 312 O 85\/98).<\/p><p>F\u00fcr die Inhalte der Websites, die durch eine solche Verbindung zustande gekommen sind, wird keinerlei Verantwortung \u00fcbernommen. Da durch die technischen M\u00f6glichkeiten des Internets eine absichtliche oder versehentliche Ver\u00e4nderung der Inhalte dieser Website durch Dritte nicht auszuschlie\u00dfen ist, wird auch hierf\u00fcr keine Verantwortung \u00fcbernommen.<\/p><p>Der Inhalt dieser Website ist urheberrechtlich gesch\u00fctzt. Bitte haben Sie Verst\u00e4ndnis daf\u00fcr, dass ohne schriftliche Genehmigung keine Texte, Textteile, Bilder oder Bildteile anderweitig verwendet werden d\u00fcrfen.<\/p>\t\t\t\t\t\t\t\t<\/div>\n\t\t\t\t<div class=\"elementor-element elementor-element-f6e8913 elementor-widget elementor-widget-heading\" data-id=\"f6e8913\" data-element_type=\"widget\" data-e-type=\"widget\" data-widget_type=\"heading.default\">\n\t\t\t\t\t<h2 class=\"elementor-heading-title elementor-size-default\">Technischer Hinweis\n<\/h2>\t\t\t\t<\/div>\n\t\t\t\t<div class=\"elementor-element elementor-element-783d862 elementor-widget elementor-widget-text-editor\" data-id=\"783d862\" data-element_type=\"widget\" data-e-type=\"widget\" data-widget_type=\"text-editor.default\">\n\t\t\t\t\t\t\t\t\t<p>arbosafe.com verwendet auf dieser Seite HTML, CSS und Javascript und hat die Funktion f\u00fcr Konfigurationen gepr\u00fcft, die von 98 % der Nutzer verwendet werden. Der Inhalt der arbosafe.com Seite ist \u00fcber jeden Browser verf\u00fcgbar, aber im Interesse der Nutzer, die ihre Web-Erfahrung optimieren m\u00f6chten, empfehlen wir Standard Browser wie den Mozilla Firefox.<\/p><p>F\u00fcr alle streitbaren Rechtsfragen bez\u00fcglich dieser Website gilt ausschlie\u00dflich deutsches Recht.<\/p>\t\t\t\t\t\t\t\t<\/div>\n\t\t\t\t\t<\/div>\n\t\t\t\t<\/div>\n\t\t\t\t<\/div>\n\t\t","protected":false},"excerpt":{"rendered":"<p>Impressum Verantwortlich f\u00fcr Inhalte von www.arbosafe.com lt. \u00a75 TMG zeigt sich: ArboSafe GmbH \u00a0 \u00a0 \u00a0 \u00a0 \u00a0 \u00a0 \u00a0 [&hellip;]<\/p>\n","protected":false},"author":259402009,"featured_media":0,"parent":0,"menu_order":0,"comment_status":"closed","ping_status":"closed","template":"","meta":{"site-sidebar-layout":"no-sidebar","site-content-layout":"","ast-site-content-layout":"full-width-container","site-content-style":"default","site-sidebar-style":"default","ast-global-header-display":"","ast-banner-title-visibility":"","ast-main-header-display":"","ast-hfb-above-header-display":"","ast-hfb-below-header-display":"","ast-hfb-mobile-header-display":"","site-post-title":"disabled","ast-breadcrumbs-content":"","ast-featured-img":"disabled","footer-sml-layout":"","theme-transparent-header-meta":"","adv-header-id-meta":"","stick-header-meta":"","header-above-stick-meta":"","header-main-stick-meta":"","header-below-stick-meta":"","astra-migrate-meta-layouts":"default","ast-page-background-enabled":"default","ast-page-background-meta":{"desktop":{"background-color":"var(--ast-global-color-5)","background-image":"","background-repeat":"repeat","background-position":"center center","background-size":"auto","background-attachment":"scroll","background-type":"","background-media":"","overlay-type":"","overlay-color":"","overlay-opacity":"","overlay-gradient":""},"tablet":{"background-color":"","background-image":"","background-repeat":"repeat","background-position":"center center","background-size":"auto","background-attachment":"scroll","background-type":"","background-media":"","overlay-type":"","overlay-color":"","overlay-opacity":"","overlay-gradient":""},"mobile":{"background-color":"","background-image":"","background-repeat":"repeat","background-position":"center center","background-size":"auto","background-attachment":"scroll","background-type":"","background-media":"","overlay-type":"","overlay-color":"","overlay-opacity":"","overlay-gradient":""}},"ast-content-background-meta":{"desktop":{"background-color":"var(--ast-global-color-4)","background-image":"","background-repeat":"repeat","background-position":"center center","background-size":"auto","background-attachment":"scroll","background-type":"","background-media":"","overlay-type":"","overlay-color":"","overlay-opacity":"","overlay-gradient":""},"tablet":{"background-color":"var(--ast-global-color-4)","background-image":"","background-repeat":"repeat","background-position":"center center","background-size":"auto","background-attachment":"scroll","background-type":"","background-media":"","overlay-type":"","overlay-color":"","overlay-opacity":"","overlay-gradient":""},"mobile":{"background-color":"var(--ast-global-color-4)","background-image":"","background-repeat":"repeat","background-position":"center center","background-size":"auto","background-attachment":"scroll","background-type":"","background-media":"","overlay-type":"","overlay-color":"","overlay-opacity":"","overlay-gradient":""}},"footnotes":""},"class_list":["post-19834","page","type-page","status-publish","hentry"],"_links":{"self":[{"href":"https:\/\/arbosafe.com\/de_de\/wp-json\/wp\/v2\/pages\/19834","targetHints":{"allow":["GET"]}}],"collection":[{"href":"https:\/\/arbosafe.com\/de_de\/wp-json\/wp\/v2\/pages"}],"about":[{"href":"https:\/\/arbosafe.com\/de_de\/wp-json\/wp\/v2\/types\/page"}],"author":[{"embeddable":true,"href":"https:\/\/arbosafe.com\/de_de\/wp-json\/wp\/v2\/users\/259402009"}],"replies":[{"embeddable":true,"href":"https:\/\/arbosafe.com\/de_de\/wp-json\/wp\/v2\/comments?post=19834"}],"version-history":[{"count":19,"href":"https:\/\/arbosafe.com\/de_de\/wp-json\/wp\/v2\/pages\/19834\/revisions"}],"predecessor-version":[{"id":20883,"href":"https:\/\/arbosafe.com\/de_de\/wp-json\/wp\/v2\/pages\/19834\/revisions\/20883"}],"wp:attachment":[{"href":"https:\/\/arbosafe.com\/de_de\/wp-json\/wp\/v2\/media?parent=19834"}],"curies":[{"name":"wp","href":"https:\/\/api.w.org\/{rel}","templated":true}]}}