{"id":19946,"date":"2025-05-01T14:44:48","date_gmt":"2025-05-01T12:44:48","guid":{"rendered":"https:\/\/info6671aa4ba7c.wpcomstaging.com\/?page_id=19946"},"modified":"2025-05-27T23:14:37","modified_gmt":"2025-05-27T21:14:37","slug":"ausbildung","status":"publish","type":"page","link":"https:\/\/arbosafe.com\/de_de\/ausbildung\/","title":{"rendered":"Ausbildung"},"content":{"rendered":"\t\t<div data-elementor-type=\"wp-page\" data-elementor-id=\"19946\" class=\"elementor elementor-19946\">\n\t\t\t\t<div class=\"elementor-element elementor-element-63b51de e-flex e-con-boxed e-con e-parent\" data-id=\"63b51de\" data-element_type=\"container\" data-e-type=\"container\">\n\t\t\t\t\t<div class=\"e-con-inner\">\n\t\t\t\t<div class=\"elementor-element elementor-element-2da1d86 elementor-widget elementor-widget-heading\" data-id=\"2da1d86\" data-element_type=\"widget\" data-e-type=\"widget\" data-widget_type=\"heading.default\">\n\t\t\t\t\t<h2 class=\"elementor-heading-title elementor-size-default\">Ausbildung durch TreeConsult<\/h2>\t\t\t\t<\/div>\n\t\t\t\t<div class=\"elementor-element elementor-element-f80eb32 elementor-widget elementor-widget-text-editor\" data-id=\"f80eb32\" data-element_type=\"widget\" data-e-type=\"widget\" data-widget_type=\"text-editor.default\">\n\t\t\t\t\t\t\t\t\t<p>Zugversuche und deren Auswertung mit<em><strong>\u00a0<span class=\"blau\">Arbo<\/span>stat<\/strong><\/em>\u00a0erfordern mechanische und holzphysikalische Grundkenntnisse, ein vertieftes Verst\u00e4ndnis ingenieurstechnischer Sicherheitsbetrachtungen sowie Erfahrungen mit der Absch\u00e4tzung von Windeinwirkungen auf B\u00e4ume und deren dynamischer Reaktion.<\/p><p>Deshalb kann die Software\u00a0<em><strong><span class=\"blau\">ArboS<\/span>tat<\/strong><\/em>\u00a0nur in Verbindung mit einer intensiven Schulung erworben werden. Diese wird von TreeConsult regelm\u00e4\u00dfig angeboten und meist in Kleingruppen oder auch f\u00fcr Einzelpersonen durchgef\u00fchrt.<\/p>\t\t\t\t\t\t\t\t<\/div>\n\t\t\t\t<div class=\"elementor-element elementor-element-644368b elementor-widget elementor-widget-heading\" data-id=\"644368b\" data-element_type=\"widget\" data-e-type=\"widget\" data-widget_type=\"heading.default\">\n\t\t\t\t\t<h2 class=\"elementor-heading-title elementor-size-default\">Grundlagenseminar\n<\/h2>\t\t\t\t<\/div>\n\t\t\t\t<div class=\"elementor-element elementor-element-a0d276e elementor-widget elementor-widget-text-editor\" data-id=\"a0d276e\" data-element_type=\"widget\" data-e-type=\"widget\" data-widget_type=\"text-editor.default\">\n\t\t\t\t\t\t\t\t\t<p>Das Grundlagenseminar besteht aus 4 Einheiten, die in der Regel an vier aufeinanderfolgenden Tagen stattfinden. Die Teilnahme an allen vier Tagen ist nach Erwerb zur Freischaltung der Arbostat Lizenz verpflichtend.<\/p><p>1. Tag: Einf\u00fchrung \u2013 Biomechanik der B\u00e4ume und Grundlagen zur Zugversuchsmethode<\/p><ul><li>ingenieurstechnische Grundlagen<\/li><li>Bruchversagen, Hooksches Gesetz, Belastungsgrenzen<\/li><li>Neigungsverlauf beim Kippversagen von B\u00e4umen<\/li><li>bodennahe Windeffekte im st\u00e4dtischen Umfeld<\/li><li>Str\u00f6mungseffekte um B\u00e4ume und in Kronen<\/li><li>Demonstration eines Zugversuchs<\/li><\/ul><p>2. Tag: Praktisches Training Zugversuch (TreeQinetic System)<\/p><ul><li>Messtechnik, Ger\u00e4te und Sensoren<\/li><li>Messaufbau<\/li><li>Datenerfassung und Datenpr\u00fcfung<\/li><li>Grenzbelastungen im Zugversuch und Risiken<\/li><\/ul><p>3. Tag: Datenauswertung mit Arbostat<\/p><ul><li>unterschiedliche Windeffekte und Verhalten der B\u00e4ume,<\/li><li>die richtige Wahl der Eingangsparameter, f\u00fcr die Windlastabsch\u00e4tzung,<\/li><li>die Balkentheorie, Eigenschaften von lebendem Holz<\/li><li>Kippversagen von B\u00e4umen, das Zusammenspiel von Wurzeln und Boden<\/li><li>praktische Umsetzung in Arbostat<\/li><\/ul><p>4. Tag: Praktische \u00dcbungen<\/p><p>An diesem Tag wird das erworbene Wissen im konkreten Zugversuch und in der Auswertung mit Arbostat umgesetzt und vertieft.<\/p>\t\t\t\t\t\t\t\t<\/div>\n\t\t\t\t<div class=\"elementor-element elementor-element-24b4d7a elementor-widget elementor-widget-heading\" data-id=\"24b4d7a\" data-element_type=\"widget\" data-e-type=\"widget\" data-widget_type=\"heading.default\">\n\t\t\t\t\t<h2 class=\"elementor-heading-title elementor-size-default\">Anwendertreffen<\/h2>\t\t\t\t<\/div>\n\t\t\t\t<div class=\"elementor-element elementor-element-6c7a0c6 elementor-widget elementor-widget-text-editor\" data-id=\"6c7a0c6\" data-element_type=\"widget\" data-e-type=\"widget\" data-widget_type=\"text-editor.default\">\n\t\t\t\t\t\t\t\t\t<p>Dar\u00fcber hinaus finden Anwendertreffen statt. Auf diesen eint\u00e4gigen Seminaren werden aktuelle Forschungsergebnisse vorgestellt, gemeinsam Windlastanalysen durchgef\u00fchrt und Erfahrungen aus der Praxis diskutiert.<\/p><p>Aktuelle Termine finden Sie im\u00a0<a href=\"http:\/\/www.tree-consult.org\/seminare-vortraege.htm\" target=\"_blank\" rel=\"noopener\">Seminarkalender<\/a>\u00a0auf www.treeconsult.org<\/p>\t\t\t\t\t\t\t\t<\/div>\n\t\t\t\t\t<\/div>\n\t\t\t\t<\/div>\n\t\t\t\t<\/div>\n\t\t","protected":false},"excerpt":{"rendered":"<p>Ausbildung durch TreeConsult Zugversuche und deren Auswertung mit\u00a0Arbostat\u00a0erfordern mechanische und holzphysikalische Grundkenntnisse, ein vertieftes Verst\u00e4ndnis ingenieurstechnischer Sicherheitsbetrachtungen sowie Erfahrungen mit [&hellip;]<\/p>\n","protected":false},"author":259402009,"featured_media":0,"parent":0,"menu_order":0,"comment_status":"closed","ping_status":"closed","template":"","meta":{"site-sidebar-layout":"no-sidebar","site-content-layout":"","ast-site-content-layout":"full-width-container","site-content-style":"default","site-sidebar-style":"default","ast-global-header-display":"","ast-banner-title-visibility":"","ast-main-header-display":"","ast-hfb-above-header-display":"","ast-hfb-below-header-display":"","ast-hfb-mobile-header-display":"","site-post-title":"disabled","ast-breadcrumbs-content":"","ast-featured-img":"disabled","footer-sml-layout":"","theme-transparent-header-meta":"","adv-header-id-meta":"","stick-header-meta":"","header-above-stick-meta":"","header-main-stick-meta":"","header-below-stick-meta":"","astra-migrate-meta-layouts":"default","ast-page-background-enabled":"default","ast-page-background-meta":{"desktop":{"background-color":"var(--ast-global-color-5)","background-image":"","background-repeat":"repeat","background-position":"center center","background-size":"auto","background-attachment":"scroll","background-type":"","background-media":"","overlay-type":"","overlay-color":"","overlay-opacity":"","overlay-gradient":""},"tablet":{"background-color":"","background-image":"","background-repeat":"repeat","background-position":"center center","background-size":"auto","background-attachment":"scroll","background-type":"","background-media":"","overlay-type":"","overlay-color":"","overlay-opacity":"","overlay-gradient":""},"mobile":{"background-color":"","background-image":"","background-repeat":"repeat","background-position":"center center","background-size":"auto","background-attachment":"scroll","background-type":"","background-media":"","overlay-type":"","overlay-color":"","overlay-opacity":"","overlay-gradient":""}},"ast-content-background-meta":{"desktop":{"background-color":"var(--ast-global-color-4)","background-image":"","background-repeat":"repeat","background-position":"center center","background-size":"auto","background-attachment":"scroll","background-type":"","background-media":"","overlay-type":"","overlay-color":"","overlay-opacity":"","overlay-gradient":""},"tablet":{"background-color":"var(--ast-global-color-4)","background-image":"","background-repeat":"repeat","background-position":"center center","background-size":"auto","background-attachment":"scroll","background-type":"","background-media":"","overlay-type":"","overlay-color":"","overlay-opacity":"","overlay-gradient":""},"mobile":{"background-color":"var(--ast-global-color-4)","background-image":"","background-repeat":"repeat","background-position":"center center","background-size":"auto","background-attachment":"scroll","background-type":"","background-media":"","overlay-type":"","overlay-color":"","overlay-opacity":"","overlay-gradient":""}},"footnotes":""},"class_list":["post-19946","page","type-page","status-publish","hentry"],"_links":{"self":[{"href":"https:\/\/arbosafe.com\/de_de\/wp-json\/wp\/v2\/pages\/19946","targetHints":{"allow":["GET"]}}],"collection":[{"href":"https:\/\/arbosafe.com\/de_de\/wp-json\/wp\/v2\/pages"}],"about":[{"href":"https:\/\/arbosafe.com\/de_de\/wp-json\/wp\/v2\/types\/page"}],"author":[{"embeddable":true,"href":"https:\/\/arbosafe.com\/de_de\/wp-json\/wp\/v2\/users\/259402009"}],"replies":[{"embeddable":true,"href":"https:\/\/arbosafe.com\/de_de\/wp-json\/wp\/v2\/comments?post=19946"}],"version-history":[{"count":30,"href":"https:\/\/arbosafe.com\/de_de\/wp-json\/wp\/v2\/pages\/19946\/revisions"}],"predecessor-version":[{"id":21024,"href":"https:\/\/arbosafe.com\/de_de\/wp-json\/wp\/v2\/pages\/19946\/revisions\/21024"}],"wp:attachment":[{"href":"https:\/\/arbosafe.com\/de_de\/wp-json\/wp\/v2\/media?parent=19946"}],"curies":[{"name":"wp","href":"https:\/\/api.w.org\/{rel}","templated":true}]}}