{"id":19957,"date":"2025-05-01T15:39:26","date_gmt":"2025-05-01T13:39:26","guid":{"rendered":"https:\/\/info6671aa4ba7c.wpcomstaging.com\/?page_id=19957"},"modified":"2025-05-28T00:05:05","modified_gmt":"2025-05-27T22:05:05","slug":"technische-details","status":"publish","type":"page","link":"https:\/\/arbosafe.com\/en\/technische-details\/","title":{"rendered":"Performance Range Arbostat"},"content":{"rendered":"<div data-elementor-type=\"wp-page\" data-elementor-id=\"19957\" class=\"elementor elementor-19957\">\n\t\t\t\t<div class=\"elementor-element elementor-element-d71407b e-flex e-con-boxed e-con e-parent\" data-id=\"d71407b\" data-element_type=\"container\" data-e-type=\"container\">\n\t\t\t\t\t<div class=\"e-con-inner\">\n\t\t\t\t<div class=\"elementor-element elementor-element-1f488ea elementor-widget elementor-widget-heading\" data-id=\"1f488ea\" data-element_type=\"widget\" data-e-type=\"widget\" data-widget_type=\"heading.default\">\n\t\t\t\t\t<h2 class=\"elementor-heading-title elementor-size-default\">Performance range Arbostat 2.0<\/h2>\t\t\t\t<\/div>\n\t\t\t\t<div class=\"elementor-element elementor-element-9e982f4 elementor-widget elementor-widget-heading\" data-id=\"9e982f4\" data-element_type=\"widget\" data-e-type=\"widget\" data-widget_type=\"heading.default\">\n\t\t\t\t\t<h2 class=\"elementor-heading-title elementor-size-default\">Wind load estimation<\/h2>\t\t\t\t<\/div>\n\t\t\t\t<div class=\"elementor-element elementor-element-9f45f8d elementor-widget elementor-widget-text-editor\" data-id=\"9f45f8d\" data-element_type=\"widget\" data-e-type=\"widget\" data-widget_type=\"text-editor.default\">\n\t\t\t\t\t\t\t\t\t<ul><li>Calculation approaches and parameters from DIN 1055-4:2005, EN 1991-1-4:2005 and ISO 4354:2009<\/li><li>Wind zones based on German postal codes<\/li><li>Consideration of local wind influences<\/li><li>Standard values for vibration parameters of trees<\/li><li>Estimation of the dynamic gust response<\/li><li>Scenarios for the evaluation of pruning<\/li><\/ul>\t\t\t\t\t\t\t\t<\/div>\n\t\t\t\t<div class=\"elementor-element elementor-element-9bab093 elementor-widget elementor-widget-heading\" data-id=\"9bab093\" data-element_type=\"widget\" data-e-type=\"widget\" data-widget_type=\"heading.default\">\n\t\t\t\t\t<h2 class=\"elementor-heading-title elementor-size-default\">Determination of breaking stability<\/h2>\t\t\t\t<\/div>\n\t\t\t\t<div class=\"elementor-element elementor-element-fb0f19f elementor-widget elementor-widget-text-editor\" data-id=\"fb0f19f\" data-element_type=\"widget\" data-e-type=\"widget\" data-widget_type=\"text-editor.default\">\n\t\t\t\t\t\t\t\t\t<ul><li>Statistic evaluation of strain gauging<\/li><li>Catalogue of species-specific wood parameters as standard values<\/li><li>Control values for checking the measurement result<\/li><\/ul>\t\t\t\t\t\t\t\t<\/div>\n\t\t\t\t<div class=\"elementor-element elementor-element-46cb9e4 elementor-widget elementor-widget-heading\" data-id=\"46cb9e4\" data-element_type=\"widget\" data-e-type=\"widget\" data-widget_type=\"heading.default\">\n\t\t\t\t\t<h2 class=\"elementor-heading-title elementor-size-default\">Determination of structural safety<\/h2>\t\t\t\t<\/div>\n\t\t\t\t<div class=\"elementor-element elementor-element-b3cf2e1 elementor-widget elementor-widget-text-editor\" data-id=\"b3cf2e1\" data-element_type=\"widget\" data-e-type=\"widget\" data-widget_type=\"text-editor.default\">\n\t\t\t\t\t\t\t\t\t<ul><li>Comparison of tipping curve with typical curves<\/li><li>Graphical testing and adjustment of measurement data<\/li><li>Prognosis from low measuring values<\/li><\/ul>\t\t\t\t\t\t\t\t<\/div>\n\t\t\t\t<div class=\"elementor-element elementor-element-71de726 elementor-widget elementor-widget-heading\" data-id=\"71de726\" data-element_type=\"widget\" data-e-type=\"widget\" data-widget_type=\"heading.default\">\n\t\t\t\t\t<h2 class=\"elementor-heading-title elementor-size-default\">Data processing<\/h2>\t\t\t\t<\/div>\n\t\t\t\t<div class=\"elementor-element elementor-element-a4ae411 elementor-widget elementor-widget-text-editor\" data-id=\"a4ae411\" data-element_type=\"widget\" data-e-type=\"widget\" data-widget_type=\"text-editor.default\">\n\t\t\t\t\t\t\t\t\t<ul><li>Direct data exchange with argus TreeQinetic<\/li><li>Input of measured values from other device types<\/li><li>Clear display of safety charts<\/li><li>Voluminous reports in a printable version<\/li><li>Data administration with ms Access data base<\/li><\/ul>\t\t\t\t\t\t\t\t<\/div>\n\t\t\t\t<div class=\"elementor-element elementor-element-61668e0 elementor-widget elementor-widget-heading\" data-id=\"61668e0\" data-element_type=\"widget\" data-e-type=\"widget\" data-widget_type=\"heading.default\">\n\t\t\t\t\t<h2 class=\"elementor-heading-title elementor-size-default\">Languages<\/h2>\t\t\t\t<\/div>\n\t\t\t\t<div class=\"elementor-element elementor-element-34614a7 elementor-widget elementor-widget-text-editor\" data-id=\"34614a7\" data-element_type=\"widget\" data-e-type=\"widget\" data-widget_type=\"text-editor.default\">\n\t\t\t\t\t\t\t\t\t<ul><li>German<\/li><li>English<\/li><li>Italian<\/li><li>Spanish<\/li><li>French<\/li><\/ul>\t\t\t\t\t\t\t\t<\/div>\n\t\t\t\t<div class=\"elementor-element elementor-element-b0fe302 elementor-widget elementor-widget-heading\" data-id=\"b0fe302\" data-element_type=\"widget\" data-e-type=\"widget\" data-widget_type=\"heading.default\">\n\t\t\t\t\t<h2 class=\"elementor-heading-title elementor-size-default\">System requirements<\/h2>\t\t\t\t<\/div>\n\t\t\t\t<div class=\"elementor-element elementor-element-051302d elementor-widget elementor-widget-text-editor\" data-id=\"051302d\" data-element_type=\"widget\" data-e-type=\"widget\" data-widget_type=\"text-editor.default\">\n\t\t\t\t\t\t\t\t\t<ul><li>Microsoft Windows XP SP 3, Vista or Windows 7<\/li><li>Processor 1 GHz Pentium, 256 MB RAM recommended<\/li><li>30 MB free disk space for installation and program<\/li><li>Monitor at least 1024 x 768, 256 colors<\/li><\/ul>\t\t\t\t\t\t\t\t<\/div>\n\t\t\t\t<div class=\"elementor-element elementor-element-ca74000 elementor-widget-divider--view-line elementor-widget elementor-widget-divider\" data-id=\"ca74000\" data-element_type=\"widget\" data-e-type=\"widget\" data-widget_type=\"divider.default\">\n\t\t\t\t\t\t\t<div class=\"elementor-divider\">\n\t\t\t<span class=\"elementor-divider-separator\">\n\t\t\t\t\t\t<\/span>\n\t\t<\/div>\n\t\t\t\t\t\t<\/div>\n\t\t<div class=\"elementor-element elementor-element-56b6bfc e-con-full e-flex e-con e-child\" data-id=\"56b6bfc\" data-element_type=\"container\" data-e-type=\"container\">\n\t\t\t\t<div class=\"elementor-element elementor-element-ea1a64e elementor-widget elementor-widget-button\" data-id=\"ea1a64e\" data-element_type=\"widget\" data-e-type=\"widget\" data-widget_type=\"button.default\">\n\t\t\t\t\t\t\t\t\t\t<a class=\"elementor-button elementor-button-link elementor-size-sm\" href=\"https:\/\/wp.arbosafe.com\/arbostat\/\">\n\t\t\t\t\t\t<span class=\"elementor-button-content-wrapper\">\n\t\t\t\t\t\t<span class=\"elementor-button-icon\">\n\t\t\t\t<svg aria-hidden=\"true\" class=\"e-font-icon-svg e-fas-arrow-right\" viewbox=\"0 0 448 512\" xmlns=\"http:\/\/www.w3.org\/2000\/svg\"><path d=\"M190.5 66.9l22.2-22.2c9.4-9.4 24.6-9.4 33.9 0L441 239c9.4 9.4 9.4 24.6 0 33.9L246.6 467.3c-9.4 9.4-24.6 9.4-33.9 0l-22.2-22.2c-9.5-9.5-9.3-25 .4-34.3L311.4 296H24c-13.3 0-24-10.7-24-24v-32c0-13.3 10.7-24 24-24h287.4L190.9 101.2c-9.8-9.3-10-24.8-.4-34.3z\"><\/path><\/svg>\t\t\t<\/span>\n\t\t\t\t\t\t\t\t\t<span class=\"elementor-button-text\">Arbostat overview<\/span>\n\t\t\t\t\t<\/span>\n\t\t\t\t\t<\/a>\n\t\t\t\t\t\t\t\t<\/div>\n\t\t\t\t<div class=\"elementor-element elementor-element-0dfaf16 elementor-widget elementor-widget-button\" data-id=\"0dfaf16\" data-element_type=\"widget\" data-e-type=\"widget\" data-widget_type=\"button.default\">\n\t\t\t\t\t\t\t\t\t\t<a class=\"elementor-button elementor-button-link elementor-size-sm\" href=\"https:\/\/wp.arbosafe.com\/standsicherheit\/\">\n\t\t\t\t\t\t<span class=\"elementor-button-content-wrapper\">\n\t\t\t\t\t\t<span class=\"elementor-button-icon\">\n\t\t\t\t<svg aria-hidden=\"true\" class=\"e-font-icon-svg e-fas-arrow-left\" viewbox=\"0 0 448 512\" xmlns=\"http:\/\/www.w3.org\/2000\/svg\"><path d=\"M257.5 445.1l-22.2 22.2c-9.4 9.4-24.6 9.4-33.9 0L7 273c-9.4-9.4-9.4-24.6 0-33.9L201.4 44.7c9.4-9.4 24.6-9.4 33.9 0l22.2 22.2c9.5 9.5 9.3 25-.4 34.3L136.6 216H424c13.3 0 24 10.7 24 24v32c0 13.3-10.7 24-24 24H136.6l120.5 114.8c9.8 9.3 10 24.8.4 34.3z\"><\/path><\/svg>\t\t\t<\/span>\n\t\t\t\t\t\t\t\t\t<span class=\"elementor-button-text\">Tipping Stability<\/span>\n\t\t\t\t\t<\/span>\n\t\t\t\t\t<\/a>\n\t\t\t\t\t\t\t\t<\/div>\n\t\t\t\t<\/div>\n\t\t\t\t\t<\/div>\n\t\t\t\t<\/div>\n\t\t\t\t<\/div>","protected":false},"excerpt":{"rendered":"<p>Leistungsspektrum Arbostat 2.0 Windlastabsch\u00e4tzung Rechenans\u00e4tze und Parameter aus DIN 1055-4:2005, EN 1991-1-4:2005 und ISO 4354:2009 Windzonen nach deutschen Postleitzahlen Ber\u00fccksichtigung [&hellip;]<\/p>\n","protected":false},"author":259402009,"featured_media":0,"parent":0,"menu_order":0,"comment_status":"closed","ping_status":"closed","template":"","meta":{"site-sidebar-layout":"no-sidebar","site-content-layout":"","ast-site-content-layout":"full-width-container","site-content-style":"default","site-sidebar-style":"default","ast-global-header-display":"","ast-banner-title-visibility":"","ast-main-header-display":"","ast-hfb-above-header-display":"","ast-hfb-below-header-display":"","ast-hfb-mobile-header-display":"","site-post-title":"disabled","ast-breadcrumbs-content":"","ast-featured-img":"disabled","footer-sml-layout":"","theme-transparent-header-meta":"","adv-header-id-meta":"","stick-header-meta":"","header-above-stick-meta":"","header-main-stick-meta":"","header-below-stick-meta":"","astra-migrate-meta-layouts":"default","ast-page-background-enabled":"default","ast-page-background-meta":{"desktop":{"background-color":"var(--ast-global-color-5)","background-image":"","background-repeat":"repeat","background-position":"center center","background-size":"auto","background-attachment":"scroll","background-type":"","background-media":"","overlay-type":"","overlay-color":"","overlay-opacity":"","overlay-gradient":""},"tablet":{"background-color":"","background-image":"","background-repeat":"repeat","background-position":"center center","background-size":"auto","background-attachment":"scroll","background-type":"","background-media":"","overlay-type":"","overlay-color":"","overlay-opacity":"","overlay-gradient":""},"mobile":{"background-color":"","background-image":"","background-repeat":"repeat","background-position":"center center","background-size":"auto","background-attachment":"scroll","background-type":"","background-media":"","overlay-type":"","overlay-color":"","overlay-opacity":"","overlay-gradient":""}},"ast-content-background-meta":{"desktop":{"background-color":"var(--ast-global-color-4)","background-image":"","background-repeat":"repeat","background-position":"center center","background-size":"auto","background-attachment":"scroll","background-type":"","background-media":"","overlay-type":"","overlay-color":"","overlay-opacity":"","overlay-gradient":""},"tablet":{"background-color":"var(--ast-global-color-4)","background-image":"","background-repeat":"repeat","background-position":"center center","background-size":"auto","background-attachment":"scroll","background-type":"","background-media":"","overlay-type":"","overlay-color":"","overlay-opacity":"","overlay-gradient":""},"mobile":{"background-color":"var(--ast-global-color-4)","background-image":"","background-repeat":"repeat","background-position":"center center","background-size":"auto","background-attachment":"scroll","background-type":"","background-media":"","overlay-type":"","overlay-color":"","overlay-opacity":"","overlay-gradient":""}},"footnotes":""},"class_list":["post-19957","page","type-page","status-publish","hentry"],"_links":{"self":[{"href":"https:\/\/arbosafe.com\/en\/wp-json\/wp\/v2\/pages\/19957","targetHints":{"allow":["GET"]}}],"collection":[{"href":"https:\/\/arbosafe.com\/en\/wp-json\/wp\/v2\/pages"}],"about":[{"href":"https:\/\/arbosafe.com\/en\/wp-json\/wp\/v2\/types\/page"}],"author":[{"embeddable":true,"href":"https:\/\/arbosafe.com\/en\/wp-json\/wp\/v2\/users\/259402009"}],"replies":[{"embeddable":true,"href":"https:\/\/arbosafe.com\/en\/wp-json\/wp\/v2\/comments?post=19957"}],"version-history":[{"count":23,"href":"https:\/\/arbosafe.com\/en\/wp-json\/wp\/v2\/pages\/19957\/revisions"}],"predecessor-version":[{"id":21027,"href":"https:\/\/arbosafe.com\/en\/wp-json\/wp\/v2\/pages\/19957\/revisions\/21027"}],"wp:attachment":[{"href":"https:\/\/arbosafe.com\/en\/wp-json\/wp\/v2\/media?parent=19957"}],"curies":[{"name":"wp","href":"https:\/\/api.w.org\/{rel}","templated":true}]}}