{"id":20175,"date":"2025-05-02T02:38:23","date_gmt":"2025-05-02T00:38:23","guid":{"rendered":"https:\/\/info6671aa4ba7c.wpcomstaging.com\/?page_id=20175"},"modified":"2025-06-12T00:23:20","modified_gmt":"2025-06-11T22:23:20","slug":"zum-download","status":"publish","type":"page","link":"https:\/\/arbosafe.com\/en\/zum-download\/","title":{"rendered":"Download"},"content":{"rendered":"\t\t<div data-elementor-type=\"wp-page\" data-elementor-id=\"20175\" class=\"elementor elementor-20175\">\n\t\t\t\t<div class=\"elementor-element elementor-element-9707b14 e-flex e-con-boxed e-con e-parent\" data-id=\"9707b14\" data-element_type=\"container\" data-e-type=\"container\">\n\t\t\t\t\t<div class=\"e-con-inner\">\n\t\t\t\t<div class=\"elementor-element elementor-element-021b6a5 elementor-widget elementor-widget-heading\" data-id=\"021b6a5\" data-element_type=\"widget\" data-e-type=\"widget\" data-widget_type=\"heading.default\">\n\t\t\t\t\t<h2 class=\"elementor-heading-title elementor-size-default\">Download RootCalc<\/h2>\t\t\t\t<\/div>\n\t\t\t\t<div class=\"elementor-element elementor-element-4e18fcb elementor-widget elementor-widget-text-editor\" data-id=\"4e18fcb\" data-element_type=\"widget\" data-e-type=\"widget\" data-widget_type=\"text-editor.default\">\n\t\t\t\t\t\t\t\t\t<p>Geben Sie bitte eine\u00a0<strong>g\u00fcltige Emailadresse<\/strong> an, um den Downloadlink f\u00fcr die RootCalc Software einzusehen, damit wir Sie auf dem aktuellen Stand bez\u00fcglich der neuesten Updates halten k\u00f6nnen. S<span style=\"font-size: 16px;\">ie laden die ZIP-Datei \u201eiSiMAN5.Downloader\u201c direkt von der Website herunter; darin steckt die Software-Suite iSiMAN5, zu der unter anderem RootCalc geh\u00f6rt.<\/span><\/p>\t\t\t\t\t\t\t\t<\/div>\n\t\t\t\t<div class=\"elementor-element elementor-element-368e79c elementor-widget__width-initial elementor-widget elementor-widget-shortcode\" data-id=\"368e79c\" data-element_type=\"widget\" data-e-type=\"widget\" data-widget_type=\"shortcode.default\">\n\t\t\t\t\t\t\t<div class=\"elementor-shortcode\"><style id=\"wpforms-css-vars-20296\">\n\t\t\t\t#wpforms-20296 {\n\t\t\t\t\n\t\t\t}\n\t\t\t<\/style><div class=\"wpforms-container wpforms-container-full wpforms-render-modern\" id=\"wpforms-20296\"><form id=\"wpforms-form-20296\" class=\"wpforms-validate wpforms-form wpforms-ajax-form\" data-formid=\"20296\" method=\"post\" enctype=\"multipart\/form-data\" action=\"\/en\/wp-json\/wp\/v2\/pages\/20175\" data-token=\"2c9f0bb7d456132c7151d50409961598\" data-token-time=\"1776662477\"><noscript class=\"wpforms-error-noscript\">Please enable JavaScript in your browser to complete this form.<\/noscript><div id=\"wpforms-error-noscript\" style=\"display: none;\">Please enable JavaScript in your browser to complete this form.<\/div><div class=\"wpforms-field-container\">\t\t<div id=\"wpforms-20296-field_2-container\"\n\t\t\tclass=\"wpforms-field wpforms-field-text\"\n\t\t\tdata-field-type=\"text\"\n\t\t\tdata-field-id=\"2\"\n\t\t\t>\n\t\t\t<label class=\"wpforms-field-label\" for=\"wpforms-20296-field_2\" >E-Mail<\/label>\n\t\t\t<input type=\"text\" id=\"wpforms-20296-field_2\" class=\"wpforms-field-medium\" name=\"wpforms[fields][2]\" >\n\t\t<\/div>\n\t\t<div id=\"wpforms-20296-field_1-container\" class=\"wpforms-field wpforms-field-email\" data-field-id=\"1\"><label class=\"wpforms-field-label\" for=\"wpforms-20296-field_1\">E-Mail <span class=\"wpforms-required-label\" aria-hidden=\"true\">*<\/span><\/label><input type=\"email\" id=\"wpforms-20296-field_1\" class=\"wpforms-field-medium wpforms-field-required\" name=\"wpforms[fields][1]\" spellcheck=\"false\" aria-errormessage=\"wpforms-20296-field_1-error\" required><\/div><script>\n\t\t\t\t( function() {\n\t\t\t\t\tconst style = document.createElement( 'style' );\n\t\t\t\t\tstyle.appendChild( document.createTextNode( '#wpforms-20296-field_2-container { position: absolute !important; overflow: hidden !important; display: inline !important; height: 1px !important; width: 1px !important; z-index: -1000 !important; padding: 0 !important; } #wpforms-20296-field_2-container input { visibility: hidden; } #wpforms-conversational-form-page #wpforms-20296-field_2-container label { counter-increment: none; }' ) );\n\t\t\t\t\tdocument.head.appendChild( style );\n\t\t\t\t\tdocument.currentScript?.remove();\n\t\t\t\t} )();\n\t\t\t<\/script><\/div><!-- .wpforms-field-container --><div class=\"wpforms-submit-container\" ><input type=\"hidden\" name=\"wpforms[id]\" value=\"20296\"><input type=\"hidden\" name=\"page_title\" value=\"\"><input type=\"hidden\" name=\"page_url\" value=\"https:\/\/arbosafe.com\/en\/wp-json\/wp\/v2\/pages\/20175\"><input type=\"hidden\" name=\"url_referer\" value=\"\"><button type=\"submit\" name=\"wpforms[submit]\" id=\"wpforms-submit-20296\" class=\"wpforms-submit\" data-alt-text=\"Email wird gesendet\" data-submit-text=\"Abschicken\" aria-live=\"assertive\" value=\"wpforms-submit\">Abschicken<\/button><img decoding=\"async\" src=\"https:\/\/arbosafe.com\/wp-content\/plugins\/wpforms-lite\/assets\/images\/submit-spin.svg\" class=\"wpforms-submit-spinner\" style=\"display: none;\" width=\"26\" height=\"26\" alt=\"Loading\"><\/div><\/form><\/div>  <!-- .wpforms-container --><\/div>\n\t\t\t\t\t\t<\/div>\n\t\t\t\t<div class=\"elementor-element elementor-element-b54562e elementor-widget elementor-widget-text-editor\" data-id=\"b54562e\" data-element_type=\"widget\" data-e-type=\"widget\" data-widget_type=\"text-editor.default\">\n\t\t\t\t\t\t\t\t\t<p>Nachdem Sie die zip.Datei heruntergeladen haben, k\u00f6nnen Sie die darin enthaltene RootCalc.exe an einem Ort ihrer Wahl auf einer Festplatte speichern. Die Software bedarf keiner Installation und wird direkt per Doppelklick auf die RootCalc.exe gestartet. Die Demoversion ist kostenlos und zeitlich unbeschr\u00e4nkt. RootCalc kann nur auf Windows Betriebssystemen ab win xp genutzt werden.<\/p>\t\t\t\t\t\t\t\t<\/div>\n\t\t\t\t<div class=\"elementor-element elementor-element-b2a248e elementor-widget elementor-widget-text-editor\" data-id=\"b2a248e\" data-element_type=\"widget\" data-e-type=\"widget\" data-widget_type=\"text-editor.default\">\n\t\t\t\t\t\t\t\t\t<p>Bitte Beachten Sie: In der Demoversion k\u00f6nnen keine Ergebnisse berechnet werden.<\/p>\t\t\t\t\t\t\t\t<\/div>\n\t\t\t\t<div class=\"elementor-element elementor-element-28d0e97 elementor-widget elementor-widget-heading\" data-id=\"28d0e97\" data-element_type=\"widget\" data-e-type=\"widget\" data-widget_type=\"heading.default\">\n\t\t\t\t\t<h2 class=\"elementor-heading-title elementor-size-default\">RootCalc Vollversion<\/h2>\t\t\t\t<\/div>\n\t\t\t\t<div class=\"elementor-element elementor-element-b65261d elementor-widget elementor-widget-text-editor\" data-id=\"b65261d\" data-element_type=\"widget\" data-e-type=\"widget\" data-widget_type=\"text-editor.default\">\n\t\t\t\t\t\t\t\t\t<p>Die RootCalc Demo l\u00e4sst sich durch Eingabe einer Lizenznummer zu einer Vollversion freischalten. Die Lizenznummer erhalten Sie auf Anfrage.<\/p>\t\t\t\t\t\t\t\t<\/div>\n\t\t\t\t<div class=\"elementor-element elementor-element-aeae900 elementor-widget elementor-widget-text-editor\" data-id=\"aeae900\" data-element_type=\"widget\" data-e-type=\"widget\" data-widget_type=\"text-editor.default\">\n\t\t\t\t\t\t\t\t\t<p>&gt; <a class=\"content-link\" href=\"mailto:info@arbosafe.com\">jetzt Kontakt aufnehmen<\/a><\/p>\t\t\t\t\t\t\t\t<\/div>\n\t\t\t\t\t<\/div>\n\t\t\t\t<\/div>\n\t\t\t\t<\/div>\n\t\t","protected":false},"excerpt":{"rendered":"<p>Download RootCalc Geben Sie bitte eine\u00a0g\u00fcltige Emailadresse an, um den Downloadlink f\u00fcr die RootCalc Software einzusehen, damit wir Sie auf [&hellip;]<\/p>\n","protected":false},"author":259402009,"featured_media":0,"parent":0,"menu_order":0,"comment_status":"closed","ping_status":"closed","template":"","meta":{"site-sidebar-layout":"no-sidebar","site-content-layout":"","ast-site-content-layout":"full-width-container","site-content-style":"default","site-sidebar-style":"default","ast-global-header-display":"","ast-banner-title-visibility":"","ast-main-header-display":"","ast-hfb-above-header-display":"","ast-hfb-below-header-display":"","ast-hfb-mobile-header-display":"","site-post-title":"disabled","ast-breadcrumbs-content":"","ast-featured-img":"disabled","footer-sml-layout":"","theme-transparent-header-meta":"","adv-header-id-meta":"","stick-header-meta":"","header-above-stick-meta":"","header-main-stick-meta":"","header-below-stick-meta":"","astra-migrate-meta-layouts":"default","ast-page-background-enabled":"default","ast-page-background-meta":{"desktop":{"background-color":"var(--ast-global-color-5)","background-image":"","background-repeat":"repeat","background-position":"center center","background-size":"auto","background-attachment":"scroll","background-type":"","background-media":"","overlay-type":"","overlay-color":"","overlay-opacity":"","overlay-gradient":""},"tablet":{"background-color":"","background-image":"","background-repeat":"repeat","background-position":"center center","background-size":"auto","background-attachment":"scroll","background-type":"","background-media":"","overlay-type":"","overlay-color":"","overlay-opacity":"","overlay-gradient":""},"mobile":{"background-color":"","background-image":"","background-repeat":"repeat","background-position":"center center","background-size":"auto","background-attachment":"scroll","background-type":"","background-media":"","overlay-type":"","overlay-color":"","overlay-opacity":"","overlay-gradient":""}},"ast-content-background-meta":{"desktop":{"background-color":"var(--ast-global-color-4)","background-image":"","background-repeat":"repeat","background-position":"center center","background-size":"auto","background-attachment":"scroll","background-type":"","background-media":"","overlay-type":"","overlay-color":"","overlay-opacity":"","overlay-gradient":""},"tablet":{"background-color":"var(--ast-global-color-4)","background-image":"","background-repeat":"repeat","background-position":"center center","background-size":"auto","background-attachment":"scroll","background-type":"","background-media":"","overlay-type":"","overlay-color":"","overlay-opacity":"","overlay-gradient":""},"mobile":{"background-color":"var(--ast-global-color-4)","background-image":"","background-repeat":"repeat","background-position":"center center","background-size":"auto","background-attachment":"scroll","background-type":"","background-media":"","overlay-type":"","overlay-color":"","overlay-opacity":"","overlay-gradient":""}},"footnotes":""},"class_list":["post-20175","page","type-page","status-publish","hentry"],"_links":{"self":[{"href":"https:\/\/arbosafe.com\/en\/wp-json\/wp\/v2\/pages\/20175","targetHints":{"allow":["GET"]}}],"collection":[{"href":"https:\/\/arbosafe.com\/en\/wp-json\/wp\/v2\/pages"}],"about":[{"href":"https:\/\/arbosafe.com\/en\/wp-json\/wp\/v2\/types\/page"}],"author":[{"embeddable":true,"href":"https:\/\/arbosafe.com\/en\/wp-json\/wp\/v2\/users\/259402009"}],"replies":[{"embeddable":true,"href":"https:\/\/arbosafe.com\/en\/wp-json\/wp\/v2\/comments?post=20175"}],"version-history":[{"count":51,"href":"https:\/\/arbosafe.com\/en\/wp-json\/wp\/v2\/pages\/20175\/revisions"}],"predecessor-version":[{"id":21043,"href":"https:\/\/arbosafe.com\/en\/wp-json\/wp\/v2\/pages\/20175\/revisions\/21043"}],"wp:attachment":[{"href":"https:\/\/arbosafe.com\/en\/wp-json\/wp\/v2\/media?parent=20175"}],"curies":[{"name":"wp","href":"https:\/\/api.w.org\/{rel}","templated":true}]}}